{"id":483,"date":"2018-12-14T17:35:27","date_gmt":"2018-12-14T17:35:27","guid":{"rendered":"https:\/\/fluentthemes.com\/wp\/appeasy\/app-demo-one\/?page_id=3"},"modified":"2025-08-12T07:21:12","modified_gmt":"2025-08-12T07:21:12","slug":"imprint","status":"publish","type":"page","link":"https:\/\/xrupgrade.com\/de\/imprint\/","title":{"rendered":"Impressum"},"content":{"rendered":"<h1 class=\"wp-block-heading\">Site Notice<\/h1><p>XR upgrade is a joint venture brand, that is governed by Jerry Digital GmbH.<\/p><h2 class=\"wp-block-heading\">Information pursuant to Sect. 5 German Telemedia Act (TMG)<\/h2><p>Jerry Digital GmbH<br>F\u00f6hringer Allee 6<br>85774 Unterf\u00f6hring<\/p><p>Commercial Register: HRB 212742<br>Registration court: Amtsgericht M\u00fcnchen<\/p><p><strong>Represented by:<\/strong><br>Karsten Streng<\/p><h2 class=\"wp-block-heading\">Kontakt<\/h2><p>HEAD OFFICE<\/p><p>F\u00f6hringer Allee 6<br>DE-85774 Unterf\u00f6hring<\/p><p>E-mail: hello@xrupgrade.com<\/p><p>SALES SWITZERLAND<\/p><p>Bahnhofsr. 29, P.O. Box 231<br>CH-8810 Horgen<\/p><p>PRODUCTION<\/p><p>Bulevar vojvode Stepe 56<br>SER-21000 Novi Sad<\/p><p>production@xrupgrade.com<\/p><h2 class=\"wp-block-heading\">VAT ID<\/h2><p>Sales tax identification number according to Sect. 27 a of the Sales Tax Law:<br>DE 295753632<\/p><h2 class=\"wp-block-heading\">EU dispute resolution<\/h2><p>The European Commission provides a platform for online dispute resolution (ODR):&nbsp;<a href=\"https:\/\/ec.europa.eu\/consumers\/odr\" target=\"_blank\" rel=\"noreferrer noopener\">https:\/\/ec.europa.eu\/consumers\/odr<\/a>.<br>Our e-mail address can be found above in the site notice.<\/p><h2 class=\"wp-block-heading\">Dispute resolution proceedings in front of a consumer arbitration board<\/h2><p>We are not willing or obliged to participate in dispute resolution proceedings in front of a consumer arbitration board.<\/p><h3 class=\"wp-block-heading\">Liability for Contents<\/h3><p>As service providers, we are liable for own contents of these websites according to Paragraph 7, Sect. 1 German Telemedia Act (TMG). However, according to Paragraphs 8 to 10 German Telemedia Act (TMG), service providers are not obligated to permanently monitor submitted or stored information or to search for evidences that indicate illegal activities.<\/p><p>Legal obligations to removing information or to blocking the use of information remain unchallenged. In this case, liability is only possible at the time of knowledge about a specific violation of law. Illegal contents will be removed immediately at the time we get knowledge of them.<\/p><h3 class=\"wp-block-heading\">Liability for Links<\/h3><p>Our offer includes links to external third party websites. We have no influence on the contents of those websites, therefore we cannot guarantee for those contents. Providers or administrators of linked websites are always responsible for their own contents.<\/p><p>The linked websites had been checked for possible violations of law at the time of the establishment of the link. Illegal contents were not detected at the time of the linking. A permanent monitoring of the contents of linked websites cannot be imposed without reasonable indications that there has been a violation of law. Illegal links will be removed immediately at the time we get knowledge of them.<\/p><h3 class=\"wp-block-heading\">Copyright<\/h3><p>Contents and compilations published on these websites by the providers are subject to German copyright laws. Reproduction, editing, distribution as well as the use of any kind outside the scope of the copyright law require a written permission of the author or originator. Downloads and copies of these websites are permitted for private use only.<br>The commercial use of our contents without permission of the originator is prohibited.<\/p><p>Copyright laws of third parties are respected as long as the contents on these websites do not originate from the provider. Contributions of third parties on this site are indicated as such. However, if you notice any violations of copyright law, please inform us. Such contents will be removed immediately.<\/p>","protected":false},"excerpt":{"rendered":"<p>Site Notice XR upgrade is a joint venture brand, that is governed by Jerry Digital GmbH. Information pursuant to Sect. 5 German Telemedia Act (TMG) Jerry Digital GmbHF\u00f6hringer Allee 685774 Unterf\u00f6hring Commercial Register: HRB 212742Registration court: Amtsgericht M\u00fcnchen Represented by:Karsten Streng Contact HEAD OFFICE F\u00f6hringer Allee 6DE-85774 Unterf\u00f6hring E-mail: hello@xrupgrade.com SALES SWITZERLAND Bahnhofsr. 29, P.O. [&hellip;]<\/p>","protected":false},"author":1,"featured_media":0,"parent":0,"menu_order":0,"comment_status":"closed","ping_status":"open","template":"","meta":{"inline_featured_image":false,"footnotes":""},"class_list":["post-483","page","type-page","status-publish","hentry"],"yoast_head":"<!-- This site is optimized with the Yoast SEO plugin v23.5 - https:\/\/yoast.com\/wordpress\/plugins\/seo\/ -->\n<title>Imprint - XR upgrade<\/title>\n<meta name=\"robots\" content=\"index, follow, max-snippet:-1, max-image-preview:large, max-video-preview:-1\" \/>\n<link rel=\"canonical\" href=\"https:\/\/xrupgrade.com\/de\/imprint\/\" \/>\n<meta property=\"og:locale\" content=\"de_DE\" \/>\n<meta property=\"og:type\" content=\"article\" \/>\n<meta property=\"og:title\" content=\"Imprint - XR upgrade\" \/>\n<meta property=\"og:description\" content=\"Site Notice XR upgrade is a joint venture brand, that is governed by Jerry Digital GmbH. Information pursuant to Sect. 5 German Telemedia Act (TMG) Jerry Digital GmbHF\u00f6hringer Allee 685774 Unterf\u00f6hring Commercial Register: HRB 212742Registration court: Amtsgericht M\u00fcnchen Represented by:Karsten Streng Contact HEAD OFFICE F\u00f6hringer Allee 6DE-85774 Unterf\u00f6hring E-mail: hello@xrupgrade.com SALES SWITZERLAND Bahnhofsr. 29, P.O. [&hellip;]\" \/>\n<meta property=\"og:url\" content=\"https:\/\/xrupgrade.com\/de\/imprint\/\" \/>\n<meta property=\"og:site_name\" content=\"XR upgrade\" \/>\n<meta property=\"article:publisher\" content=\"https:\/\/www.facebook.com\/people\/XR-upgrade\/61565098239000\/\" \/>\n<meta property=\"article:modified_time\" content=\"2025-08-12T07:21:12+00:00\" \/>\n<meta property=\"og:image\" content=\"https:\/\/xrupgrade.com\/wp-content\/uploads\/2024\/10\/cover4.jpg\" \/>\n\t<meta property=\"og:image:width\" content=\"1280\" \/>\n\t<meta property=\"og:image:height\" content=\"720\" \/>\n\t<meta property=\"og:image:type\" content=\"image\/jpeg\" \/>\n<meta name=\"twitter:card\" content=\"summary_large_image\" \/>\n<meta name=\"twitter:label1\" content=\"Gesch\u00e4tzte Lesezeit\" \/>\n\t<meta name=\"twitter:data1\" content=\"3\u00a0Minuten\" \/>\n<script type=\"application\/ld+json\" class=\"yoast-schema-graph\">{\"@context\":\"https:\/\/schema.org\",\"@graph\":[{\"@type\":\"WebPage\",\"@id\":\"https:\/\/xrupgrade.com\/imprint\/\",\"url\":\"https:\/\/xrupgrade.com\/imprint\/\",\"name\":\"Imprint - XR upgrade\",\"isPartOf\":{\"@id\":\"https:\/\/xrupgrade.com\/#website\"},\"datePublished\":\"2018-12-14T17:35:27+00:00\",\"dateModified\":\"2025-08-12T07:21:12+00:00\",\"breadcrumb\":{\"@id\":\"https:\/\/xrupgrade.com\/imprint\/#breadcrumb\"},\"inLanguage\":\"de\",\"potentialAction\":[{\"@type\":\"ReadAction\",\"target\":[\"https:\/\/xrupgrade.com\/imprint\/\"]}]},{\"@type\":\"BreadcrumbList\",\"@id\":\"https:\/\/xrupgrade.com\/imprint\/#breadcrumb\",\"itemListElement\":[{\"@type\":\"ListItem\",\"position\":1,\"name\":\"Home\",\"item\":\"https:\/\/xrupgrade.com\/\"},{\"@type\":\"ListItem\",\"position\":2,\"name\":\"Imprint\"}]},{\"@type\":\"WebSite\",\"@id\":\"https:\/\/xrupgrade.com\/#website\",\"url\":\"https:\/\/xrupgrade.com\/\",\"name\":\"XR upgrade\",\"description\":\"3D Product Experiences for E-Commerce\",\"publisher\":{\"@id\":\"https:\/\/xrupgrade.com\/#organization\"},\"potentialAction\":[{\"@type\":\"SearchAction\",\"target\":{\"@type\":\"EntryPoint\",\"urlTemplate\":\"https:\/\/xrupgrade.com\/?s={search_term_string}\"},\"query-input\":{\"@type\":\"PropertyValueSpecification\",\"valueRequired\":true,\"valueName\":\"search_term_string\"}}],\"inLanguage\":\"de\"},{\"@type\":\"Organization\",\"@id\":\"https:\/\/xrupgrade.com\/#organization\",\"name\":\"XR upgrade\",\"url\":\"https:\/\/xrupgrade.com\/\",\"logo\":{\"@type\":\"ImageObject\",\"inLanguage\":\"de\",\"@id\":\"https:\/\/xrupgrade.com\/#\/schema\/logo\/image\/\",\"url\":\"https:\/\/xrupgrade.com\/wp-content\/uploads\/2023\/11\/XR-upgrade-logo-1-3.svg\",\"contentUrl\":\"https:\/\/xrupgrade.com\/wp-content\/uploads\/2023\/11\/XR-upgrade-logo-1-3.svg\",\"width\":\"1024\",\"height\":\"1024\",\"caption\":\"XR upgrade\"},\"image\":{\"@id\":\"https:\/\/xrupgrade.com\/#\/schema\/logo\/image\/\"},\"sameAs\":[\"https:\/\/www.facebook.com\/people\/XR-upgrade\/61565098239000\/\",\"https:\/\/www.linkedin.com\/company\/xr-upgrade\"]}]}<\/script>\n<!-- \/ Yoast SEO plugin. -->","yoast_head_json":{"title":"Imprint - XR upgrade","robots":{"index":"index","follow":"follow","max-snippet":"max-snippet:-1","max-image-preview":"max-image-preview:large","max-video-preview":"max-video-preview:-1"},"canonical":"https:\/\/xrupgrade.com\/de\/imprint\/","og_locale":"de_DE","og_type":"article","og_title":"Imprint - XR upgrade","og_description":"Site Notice XR upgrade is a joint venture brand, that is governed by Jerry Digital GmbH. Information pursuant to Sect. 5 German Telemedia Act (TMG) Jerry Digital GmbHF\u00f6hringer Allee 685774 Unterf\u00f6hring Commercial Register: HRB 212742Registration court: Amtsgericht M\u00fcnchen Represented by:Karsten Streng Contact HEAD OFFICE F\u00f6hringer Allee 6DE-85774 Unterf\u00f6hring E-mail: hello@xrupgrade.com SALES SWITZERLAND Bahnhofsr. 29, P.O. [&hellip;]","og_url":"https:\/\/xrupgrade.com\/de\/imprint\/","og_site_name":"XR upgrade","article_publisher":"https:\/\/www.facebook.com\/people\/XR-upgrade\/61565098239000\/","article_modified_time":"2025-08-12T07:21:12+00:00","og_image":[{"width":1280,"height":720,"url":"https:\/\/xrupgrade.com\/wp-content\/uploads\/2024\/10\/cover4.jpg","type":"image\/jpeg"}],"twitter_card":"summary_large_image","twitter_misc":{"Gesch\u00e4tzte Lesezeit":"3\u00a0Minuten"},"schema":{"@context":"https:\/\/schema.org","@graph":[{"@type":"WebPage","@id":"https:\/\/xrupgrade.com\/imprint\/","url":"https:\/\/xrupgrade.com\/imprint\/","name":"Imprint - XR upgrade","isPartOf":{"@id":"https:\/\/xrupgrade.com\/#website"},"datePublished":"2018-12-14T17:35:27+00:00","dateModified":"2025-08-12T07:21:12+00:00","breadcrumb":{"@id":"https:\/\/xrupgrade.com\/imprint\/#breadcrumb"},"inLanguage":"de","potentialAction":[{"@type":"ReadAction","target":["https:\/\/xrupgrade.com\/imprint\/"]}]},{"@type":"BreadcrumbList","@id":"https:\/\/xrupgrade.com\/imprint\/#breadcrumb","itemListElement":[{"@type":"ListItem","position":1,"name":"Home","item":"https:\/\/xrupgrade.com\/"},{"@type":"ListItem","position":2,"name":"Imprint"}]},{"@type":"WebSite","@id":"https:\/\/xrupgrade.com\/#website","url":"https:\/\/xrupgrade.com\/","name":"XR upgrade","description":"3D Product Experiences for E-Commerce","publisher":{"@id":"https:\/\/xrupgrade.com\/#organization"},"potentialAction":[{"@type":"SearchAction","target":{"@type":"EntryPoint","urlTemplate":"https:\/\/xrupgrade.com\/?s={search_term_string}"},"query-input":{"@type":"PropertyValueSpecification","valueRequired":true,"valueName":"search_term_string"}}],"inLanguage":"de"},{"@type":"Organization","@id":"https:\/\/xrupgrade.com\/#organization","name":"XR upgrade","url":"https:\/\/xrupgrade.com\/","logo":{"@type":"ImageObject","inLanguage":"de","@id":"https:\/\/xrupgrade.com\/#\/schema\/logo\/image\/","url":"https:\/\/xrupgrade.com\/wp-content\/uploads\/2023\/11\/XR-upgrade-logo-1-3.svg","contentUrl":"https:\/\/xrupgrade.com\/wp-content\/uploads\/2023\/11\/XR-upgrade-logo-1-3.svg","width":"1024","height":"1024","caption":"XR upgrade"},"image":{"@id":"https:\/\/xrupgrade.com\/#\/schema\/logo\/image\/"},"sameAs":["https:\/\/www.facebook.com\/people\/XR-upgrade\/61565098239000\/","https:\/\/www.linkedin.com\/company\/xr-upgrade"]}]}},"_links":{"self":[{"href":"https:\/\/xrupgrade.com\/de\/wp-json\/wp\/v2\/pages\/483","targetHints":{"allow":["GET"]}}],"collection":[{"href":"https:\/\/xrupgrade.com\/de\/wp-json\/wp\/v2\/pages"}],"about":[{"href":"https:\/\/xrupgrade.com\/de\/wp-json\/wp\/v2\/types\/page"}],"author":[{"embeddable":true,"href":"https:\/\/xrupgrade.com\/de\/wp-json\/wp\/v2\/users\/1"}],"replies":[{"embeddable":true,"href":"https:\/\/xrupgrade.com\/de\/wp-json\/wp\/v2\/comments?post=483"}],"version-history":[{"count":10,"href":"https:\/\/xrupgrade.com\/de\/wp-json\/wp\/v2\/pages\/483\/revisions"}],"predecessor-version":[{"id":1981,"href":"https:\/\/xrupgrade.com\/de\/wp-json\/wp\/v2\/pages\/483\/revisions\/1981"}],"wp:attachment":[{"href":"https:\/\/xrupgrade.com\/de\/wp-json\/wp\/v2\/media?parent=483"}],"curies":[{"name":"wp","href":"https:\/\/api.w.org\/{rel}","templated":true}]}}